{"id":1686,"date":"2024-05-22T18:52:32","date_gmt":"2024-05-22T17:52:32","guid":{"rendered":"https:\/\/nrc2.globalcorporates.com\/business-bank-accounts-for-non-uk-residents\/"},"modified":"2024-05-23T16:25:47","modified_gmt":"2024-05-23T15:25:47","slug":"business-bank-accounts-for-non-uk-residents","status":"publish","type":"page","link":"https:\/\/nonresidentcompany.com\/de\/business-bank-accounts-for-non-uk-residents\/","title":{"rendered":"Gesch\u00e4ftsbankkonten f\u00fcr Nicht-UK-Ans\u00e4ssige"},"content":{"rendered":"","protected":false},"excerpt":{"rendered":"","protected":false},"author":1,"featured_media":0,"parent":0,"menu_order":0,"comment_status":"closed","ping_status":"closed","template":"","meta":{"footnotes":""},"class_list":["post-1686","page","type-page","status-publish","hentry"],"_links":{"self":[{"href":"https:\/\/nonresidentcompany.com\/de\/wp-json\/wp\/v2\/pages\/1686","targetHints":{"allow":["GET"]}}],"collection":[{"href":"https:\/\/nonresidentcompany.com\/de\/wp-json\/wp\/v2\/pages"}],"about":[{"href":"https:\/\/nonresidentcompany.com\/de\/wp-json\/wp\/v2\/types\/page"}],"author":[{"embeddable":true,"href":"https:\/\/nonresidentcompany.com\/de\/wp-json\/wp\/v2\/users\/1"}],"replies":[{"embeddable":true,"href":"https:\/\/nonresidentcompany.com\/de\/wp-json\/wp\/v2\/comments?post=1686"}],"version-history":[{"count":0,"href":"https:\/\/nonresidentcompany.com\/de\/wp-json\/wp\/v2\/pages\/1686\/revisions"}],"wp:attachment":[{"href":"https:\/\/nonresidentcompany.com\/de\/wp-json\/wp\/v2\/media?parent=1686"}],"curies":[{"name":"wp","href":"https:\/\/api.w.org\/{rel}","templated":true}]}}