{"id":1003,"date":"2024-05-18T10:55:10","date_gmt":"2024-05-18T09:55:10","guid":{"rendered":"https:\/\/nrc2.globalcorporates.com\/creer-une-societe-au-royaume-uni-en-tant-que-non-resident\/"},"modified":"2024-05-18T10:55:10","modified_gmt":"2024-05-18T09:55:10","slug":"creer-une-societe-au-royaume-uni-en-tant-que-non-resident","status":"publish","type":"page","link":"https:\/\/nonresidentcompany.com\/fr\/creer-une-societe-au-royaume-uni-en-tant-que-non-resident\/","title":{"rendered":"Cr\u00e9er une soci\u00e9t\u00e9 au Royaume-Uni en tant que non-r\u00e9sident"},"content":{"rendered":"","protected":false},"excerpt":{"rendered":"","protected":false},"author":1,"featured_media":0,"parent":0,"menu_order":0,"comment_status":"closed","ping_status":"closed","template":"","meta":{"footnotes":""},"class_list":["post-1003","page","type-page","status-publish","hentry"],"_links":{"self":[{"href":"https:\/\/nonresidentcompany.com\/fr\/wp-json\/wp\/v2\/pages\/1003","targetHints":{"allow":["GET"]}}],"collection":[{"href":"https:\/\/nonresidentcompany.com\/fr\/wp-json\/wp\/v2\/pages"}],"about":[{"href":"https:\/\/nonresidentcompany.com\/fr\/wp-json\/wp\/v2\/types\/page"}],"author":[{"embeddable":true,"href":"https:\/\/nonresidentcompany.com\/fr\/wp-json\/wp\/v2\/users\/1"}],"replies":[{"embeddable":true,"href":"https:\/\/nonresidentcompany.com\/fr\/wp-json\/wp\/v2\/comments?post=1003"}],"version-history":[{"count":0,"href":"https:\/\/nonresidentcompany.com\/fr\/wp-json\/wp\/v2\/pages\/1003\/revisions"}],"wp:attachment":[{"href":"https:\/\/nonresidentcompany.com\/fr\/wp-json\/wp\/v2\/media?parent=1003"}],"curies":[{"name":"wp","href":"https:\/\/api.w.org\/{rel}","templated":true}]}}