{"id":1005,"date":"2024-05-18T10:56:41","date_gmt":"2024-05-18T09:56:41","guid":{"rendered":"https:\/\/nrc2.globalcorporates.com\/exigences-en-matiere-didentification-pour-la-creation-dune-societe\/"},"modified":"2024-05-18T10:56:41","modified_gmt":"2024-05-18T09:56:41","slug":"exigences-en-matiere-didentification-pour-la-creation-dune-societe","status":"publish","type":"page","link":"https:\/\/nonresidentcompany.com\/fr\/exigences-en-matiere-didentification-pour-la-creation-dune-societe\/","title":{"rendered":"Exigences en mati\u00e8re d&rsquo;identification pour la cr\u00e9ation d&rsquo;une soci\u00e9t\u00e9"},"content":{"rendered":"","protected":false},"excerpt":{"rendered":"","protected":false},"author":1,"featured_media":0,"parent":0,"menu_order":0,"comment_status":"closed","ping_status":"closed","template":"","meta":{"footnotes":""},"class_list":["post-1005","page","type-page","status-publish","hentry"],"_links":{"self":[{"href":"https:\/\/nonresidentcompany.com\/fr\/wp-json\/wp\/v2\/pages\/1005","targetHints":{"allow":["GET"]}}],"collection":[{"href":"https:\/\/nonresidentcompany.com\/fr\/wp-json\/wp\/v2\/pages"}],"about":[{"href":"https:\/\/nonresidentcompany.com\/fr\/wp-json\/wp\/v2\/types\/page"}],"author":[{"embeddable":true,"href":"https:\/\/nonresidentcompany.com\/fr\/wp-json\/wp\/v2\/users\/1"}],"replies":[{"embeddable":true,"href":"https:\/\/nonresidentcompany.com\/fr\/wp-json\/wp\/v2\/comments?post=1005"}],"version-history":[{"count":0,"href":"https:\/\/nonresidentcompany.com\/fr\/wp-json\/wp\/v2\/pages\/1005\/revisions"}],"wp:attachment":[{"href":"https:\/\/nonresidentcompany.com\/fr\/wp-json\/wp\/v2\/media?parent=1005"}],"curies":[{"name":"wp","href":"https:\/\/api.w.org\/{rel}","templated":true}]}}