{"id":1006,"date":"2024-05-18T10:57:18","date_gmt":"2024-05-18T09:57:18","guid":{"rendered":"https:\/\/nrc2.globalcorporates.com\/comptabilite-internationale-societe-britannique-pour-les-non-residents\/"},"modified":"2024-05-28T19:14:05","modified_gmt":"2024-05-28T18:14:05","slug":"comptabilite-internationale-societe-britannique-pour-les-non-residents","status":"publish","type":"page","link":"https:\/\/nonresidentcompany.com\/fr\/comptabilite-internationale-societe-britannique-pour-les-non-residents\/","title":{"rendered":"Comptabilit\u00e9 internationale Soci\u00e9t\u00e9 britannique pour les non-r\u00e9sidents"},"content":{"rendered":"","protected":false},"excerpt":{"rendered":"","protected":false},"author":1,"featured_media":0,"parent":0,"menu_order":0,"comment_status":"closed","ping_status":"closed","template":"","meta":{"footnotes":""},"class_list":["post-1006","page","type-page","status-publish","hentry"],"_links":{"self":[{"href":"https:\/\/nonresidentcompany.com\/fr\/wp-json\/wp\/v2\/pages\/1006","targetHints":{"allow":["GET"]}}],"collection":[{"href":"https:\/\/nonresidentcompany.com\/fr\/wp-json\/wp\/v2\/pages"}],"about":[{"href":"https:\/\/nonresidentcompany.com\/fr\/wp-json\/wp\/v2\/types\/page"}],"author":[{"embeddable":true,"href":"https:\/\/nonresidentcompany.com\/fr\/wp-json\/wp\/v2\/users\/1"}],"replies":[{"embeddable":true,"href":"https:\/\/nonresidentcompany.com\/fr\/wp-json\/wp\/v2\/comments?post=1006"}],"version-history":[{"count":0,"href":"https:\/\/nonresidentcompany.com\/fr\/wp-json\/wp\/v2\/pages\/1006\/revisions"}],"wp:attachment":[{"href":"https:\/\/nonresidentcompany.com\/fr\/wp-json\/wp\/v2\/media?parent=1006"}],"curies":[{"name":"wp","href":"https:\/\/api.w.org\/{rel}","templated":true}]}}