{"id":1010,"date":"2024-05-18T10:59:49","date_gmt":"2024-05-18T09:59:49","guid":{"rendered":"https:\/\/nrc2.globalcorporates.com\/packages-pour-les-societes-britanniques-pour-les-non-residents\/"},"modified":"2024-05-23T17:20:04","modified_gmt":"2024-05-23T16:20:04","slug":"packages-pour-les-societes-britanniques-pour-les-non-residents","status":"publish","type":"page","link":"https:\/\/nonresidentcompany.com\/fr\/packages-pour-les-societes-britanniques-pour-les-non-residents\/","title":{"rendered":"Packages pour les soci\u00e9t\u00e9s britanniques pour les non-r\u00e9sidents"},"content":{"rendered":"","protected":false},"excerpt":{"rendered":"","protected":false},"author":1,"featured_media":0,"parent":0,"menu_order":0,"comment_status":"closed","ping_status":"closed","template":"","meta":{"footnotes":""},"class_list":["post-1010","page","type-page","status-publish","hentry"],"_links":{"self":[{"href":"https:\/\/nonresidentcompany.com\/fr\/wp-json\/wp\/v2\/pages\/1010","targetHints":{"allow":["GET"]}}],"collection":[{"href":"https:\/\/nonresidentcompany.com\/fr\/wp-json\/wp\/v2\/pages"}],"about":[{"href":"https:\/\/nonresidentcompany.com\/fr\/wp-json\/wp\/v2\/types\/page"}],"author":[{"embeddable":true,"href":"https:\/\/nonresidentcompany.com\/fr\/wp-json\/wp\/v2\/users\/1"}],"replies":[{"embeddable":true,"href":"https:\/\/nonresidentcompany.com\/fr\/wp-json\/wp\/v2\/comments?post=1010"}],"version-history":[{"count":0,"href":"https:\/\/nonresidentcompany.com\/fr\/wp-json\/wp\/v2\/pages\/1010\/revisions"}],"wp:attachment":[{"href":"https:\/\/nonresidentcompany.com\/fr\/wp-json\/wp\/v2\/media?parent=1010"}],"curies":[{"name":"wp","href":"https:\/\/api.w.org\/{rel}","templated":true}]}}