{"id":922,"date":"2024-05-17T21:40:41","date_gmt":"2024-05-17T20:40:41","guid":{"rendered":"https:\/\/nrc2.globalcorporates.com\/societe-anglaise-pour-les-non-residents\/"},"modified":"2026-01-30T14:58:48","modified_gmt":"2026-01-30T14:58:48","slug":"societe-anglaise-pour-les-non-residents","status":"publish","type":"page","link":"https:\/\/nonresidentcompany.com\/fr\/","title":{"rendered":"Soci\u00e9t\u00e9 anglaise pour les non-r\u00e9sidents"},"content":{"rendered":"","protected":false},"excerpt":{"rendered":"","protected":false},"author":1,"featured_media":0,"parent":0,"menu_order":0,"comment_status":"closed","ping_status":"closed","template":"","meta":{"footnotes":""},"class_list":["post-922","page","type-page","status-publish","hentry"],"_links":{"self":[{"href":"https:\/\/nonresidentcompany.com\/fr\/wp-json\/wp\/v2\/pages\/922","targetHints":{"allow":["GET"]}}],"collection":[{"href":"https:\/\/nonresidentcompany.com\/fr\/wp-json\/wp\/v2\/pages"}],"about":[{"href":"https:\/\/nonresidentcompany.com\/fr\/wp-json\/wp\/v2\/types\/page"}],"author":[{"embeddable":true,"href":"https:\/\/nonresidentcompany.com\/fr\/wp-json\/wp\/v2\/users\/1"}],"replies":[{"embeddable":true,"href":"https:\/\/nonresidentcompany.com\/fr\/wp-json\/wp\/v2\/comments?post=922"}],"version-history":[{"count":1,"href":"https:\/\/nonresidentcompany.com\/fr\/wp-json\/wp\/v2\/pages\/922\/revisions"}],"predecessor-version":[{"id":1973,"href":"https:\/\/nonresidentcompany.com\/fr\/wp-json\/wp\/v2\/pages\/922\/revisions\/1973"}],"wp:attachment":[{"href":"https:\/\/nonresidentcompany.com\/fr\/wp-json\/wp\/v2\/media?parent=922"}],"curies":[{"name":"wp","href":"https:\/\/api.w.org\/{rel}","templated":true}]}}