{"id":1173,"date":"2024-05-18T14:58:04","date_gmt":"2024-05-18T13:58:04","guid":{"rendered":"https:\/\/nrc2.globalcorporates.com\/zaloz-spolke-w-wielkiej-brytanii-jako-nierezydent\/"},"modified":"2024-05-18T14:58:04","modified_gmt":"2024-05-18T13:58:04","slug":"zaloz-spolke-w-wielkiej-brytanii-jako-nierezydent","status":"publish","type":"page","link":"https:\/\/nonresidentcompany.com\/pl\/zaloz-spolke-w-wielkiej-brytanii-jako-nierezydent\/","title":{"rendered":"Za\u0142\u00f3\u017c sp\u00f3\u0142k\u0119 w Wielkiej Brytanii jako nierezydent"},"content":{"rendered":"","protected":false},"excerpt":{"rendered":"","protected":false},"author":1,"featured_media":0,"parent":0,"menu_order":0,"comment_status":"closed","ping_status":"closed","template":"","meta":{"footnotes":""},"class_list":["post-1173","page","type-page","status-publish","hentry"],"_links":{"self":[{"href":"https:\/\/nonresidentcompany.com\/pl\/wp-json\/wp\/v2\/pages\/1173","targetHints":{"allow":["GET"]}}],"collection":[{"href":"https:\/\/nonresidentcompany.com\/pl\/wp-json\/wp\/v2\/pages"}],"about":[{"href":"https:\/\/nonresidentcompany.com\/pl\/wp-json\/wp\/v2\/types\/page"}],"author":[{"embeddable":true,"href":"https:\/\/nonresidentcompany.com\/pl\/wp-json\/wp\/v2\/users\/1"}],"replies":[{"embeddable":true,"href":"https:\/\/nonresidentcompany.com\/pl\/wp-json\/wp\/v2\/comments?post=1173"}],"version-history":[{"count":0,"href":"https:\/\/nonresidentcompany.com\/pl\/wp-json\/wp\/v2\/pages\/1173\/revisions"}],"wp:attachment":[{"href":"https:\/\/nonresidentcompany.com\/pl\/wp-json\/wp\/v2\/media?parent=1173"}],"curies":[{"name":"wp","href":"https:\/\/api.w.org\/{rel}","templated":true}]}}