{"id":1179,"date":"2024-05-18T15:04:16","date_gmt":"2024-05-18T14:04:16","guid":{"rendered":"https:\/\/nrc2.globalcorporates.com\/wymagania-dotyczace-dokumentu-tozsamosci-przy-zakladaniu-spolki\/"},"modified":"2024-05-18T15:04:16","modified_gmt":"2024-05-18T14:04:16","slug":"wymagania-dotyczace-dokumentu-tozsamosci-przy-zakladaniu-spolki","status":"publish","type":"page","link":"https:\/\/nonresidentcompany.com\/pl\/wymagania-dotyczace-dokumentu-tozsamosci-przy-zakladaniu-spolki\/","title":{"rendered":"Wymagania dotycz\u0105ce dokumentu to\u017csamo\u015bci przy zak\u0142adaniu sp\u00f3\u0142ki"},"content":{"rendered":"","protected":false},"excerpt":{"rendered":"","protected":false},"author":1,"featured_media":0,"parent":0,"menu_order":0,"comment_status":"closed","ping_status":"closed","template":"","meta":{"footnotes":""},"class_list":["post-1179","page","type-page","status-publish","hentry"],"_links":{"self":[{"href":"https:\/\/nonresidentcompany.com\/pl\/wp-json\/wp\/v2\/pages\/1179","targetHints":{"allow":["GET"]}}],"collection":[{"href":"https:\/\/nonresidentcompany.com\/pl\/wp-json\/wp\/v2\/pages"}],"about":[{"href":"https:\/\/nonresidentcompany.com\/pl\/wp-json\/wp\/v2\/types\/page"}],"author":[{"embeddable":true,"href":"https:\/\/nonresidentcompany.com\/pl\/wp-json\/wp\/v2\/users\/1"}],"replies":[{"embeddable":true,"href":"https:\/\/nonresidentcompany.com\/pl\/wp-json\/wp\/v2\/comments?post=1179"}],"version-history":[{"count":0,"href":"https:\/\/nonresidentcompany.com\/pl\/wp-json\/wp\/v2\/pages\/1179\/revisions"}],"wp:attachment":[{"href":"https:\/\/nonresidentcompany.com\/pl\/wp-json\/wp\/v2\/media?parent=1179"}],"curies":[{"name":"wp","href":"https:\/\/api.w.org\/{rel}","templated":true}]}}