{"id":1182,"date":"2024-05-18T15:07:26","date_gmt":"2024-05-18T14:07:26","guid":{"rendered":"https:\/\/nrc2.globalcorporates.com\/miedzynarodowa-ksiegowosc-brytyjskiej-spolki-dla-nierezydentow\/"},"modified":"2024-05-28T19:15:49","modified_gmt":"2024-05-28T18:15:49","slug":"miedzynarodowa-ksiegowosc-brytyjskiej-spolki-dla-nierezydentow","status":"publish","type":"page","link":"https:\/\/nonresidentcompany.com\/pl\/miedzynarodowa-ksiegowosc-brytyjskiej-spolki-dla-nierezydentow\/","title":{"rendered":"Mi\u0119dzynarodowa ksi\u0119gowo\u015b\u0107 brytyjskiej sp\u00f3\u0142ki dla nierezydent\u00f3w"},"content":{"rendered":"","protected":false},"excerpt":{"rendered":"","protected":false},"author":1,"featured_media":0,"parent":0,"menu_order":0,"comment_status":"closed","ping_status":"closed","template":"","meta":{"footnotes":""},"class_list":["post-1182","page","type-page","status-publish","hentry"],"_links":{"self":[{"href":"https:\/\/nonresidentcompany.com\/pl\/wp-json\/wp\/v2\/pages\/1182","targetHints":{"allow":["GET"]}}],"collection":[{"href":"https:\/\/nonresidentcompany.com\/pl\/wp-json\/wp\/v2\/pages"}],"about":[{"href":"https:\/\/nonresidentcompany.com\/pl\/wp-json\/wp\/v2\/types\/page"}],"author":[{"embeddable":true,"href":"https:\/\/nonresidentcompany.com\/pl\/wp-json\/wp\/v2\/users\/1"}],"replies":[{"embeddable":true,"href":"https:\/\/nonresidentcompany.com\/pl\/wp-json\/wp\/v2\/comments?post=1182"}],"version-history":[{"count":0,"href":"https:\/\/nonresidentcompany.com\/pl\/wp-json\/wp\/v2\/pages\/1182\/revisions"}],"wp:attachment":[{"href":"https:\/\/nonresidentcompany.com\/pl\/wp-json\/wp\/v2\/media?parent=1182"}],"curies":[{"name":"wp","href":"https:\/\/api.w.org\/{rel}","templated":true}]}}