{"id":1185,"date":"2024-05-18T15:13:00","date_gmt":"2024-05-18T14:13:00","guid":{"rendered":"https:\/\/nrc2.globalcorporates.com\/rezydencja-miedzynarodowa-w-wielkiej-brytanii-dla-osob-niebedacych-rezydentami\/"},"modified":"2024-05-28T19:20:24","modified_gmt":"2024-05-28T18:20:24","slug":"rezydencja-miedzynarodowa-w-wielkiej-brytanii-dla-osob-niebedacych-rezydentami","status":"publish","type":"page","link":"https:\/\/nonresidentcompany.com\/pl\/rezydencja-miedzynarodowa-w-wielkiej-brytanii-dla-osob-niebedacych-rezydentami\/","title":{"rendered":"Rezydencja mi\u0119dzynarodowa w Wielkiej Brytanii dla os\u00f3b nieb\u0119d\u0105cych rezydentami"},"content":{"rendered":"","protected":false},"excerpt":{"rendered":"","protected":false},"author":1,"featured_media":0,"parent":0,"menu_order":0,"comment_status":"closed","ping_status":"closed","template":"","meta":{"footnotes":""},"class_list":["post-1185","page","type-page","status-publish","hentry"],"_links":{"self":[{"href":"https:\/\/nonresidentcompany.com\/pl\/wp-json\/wp\/v2\/pages\/1185","targetHints":{"allow":["GET"]}}],"collection":[{"href":"https:\/\/nonresidentcompany.com\/pl\/wp-json\/wp\/v2\/pages"}],"about":[{"href":"https:\/\/nonresidentcompany.com\/pl\/wp-json\/wp\/v2\/types\/page"}],"author":[{"embeddable":true,"href":"https:\/\/nonresidentcompany.com\/pl\/wp-json\/wp\/v2\/users\/1"}],"replies":[{"embeddable":true,"href":"https:\/\/nonresidentcompany.com\/pl\/wp-json\/wp\/v2\/comments?post=1185"}],"version-history":[{"count":0,"href":"https:\/\/nonresidentcompany.com\/pl\/wp-json\/wp\/v2\/pages\/1185\/revisions"}],"wp:attachment":[{"href":"https:\/\/nonresidentcompany.com\/pl\/wp-json\/wp\/v2\/media?parent=1185"}],"curies":[{"name":"wp","href":"https:\/\/api.w.org\/{rel}","templated":true}]}}