{"id":1191,"date":"2024-05-18T15:21:12","date_gmt":"2024-05-18T14:21:12","guid":{"rendered":"https:\/\/nrc2.globalcorporates.com\/podstawowa-formacja-spolki-w-wielkiej-brytanii-dla-nierezydentow\/"},"modified":"2024-05-18T15:21:12","modified_gmt":"2024-05-18T14:21:12","slug":"podstawowa-formacja-spolki-w-wielkiej-brytanii-dla-nierezydentow","status":"publish","type":"page","link":"https:\/\/nonresidentcompany.com\/pl\/podstawowa-formacja-spolki-w-wielkiej-brytanii-dla-nierezydentow\/","title":{"rendered":"Podstawowa formacja sp\u00f3\u0142ki w Wielkiej Brytanii dla nierezydent\u00f3w"},"content":{"rendered":"","protected":false},"excerpt":{"rendered":"","protected":false},"author":1,"featured_media":0,"parent":0,"menu_order":0,"comment_status":"closed","ping_status":"closed","template":"","meta":{"footnotes":""},"class_list":["post-1191","page","type-page","status-publish","hentry"],"_links":{"self":[{"href":"https:\/\/nonresidentcompany.com\/pl\/wp-json\/wp\/v2\/pages\/1191","targetHints":{"allow":["GET"]}}],"collection":[{"href":"https:\/\/nonresidentcompany.com\/pl\/wp-json\/wp\/v2\/pages"}],"about":[{"href":"https:\/\/nonresidentcompany.com\/pl\/wp-json\/wp\/v2\/types\/page"}],"author":[{"embeddable":true,"href":"https:\/\/nonresidentcompany.com\/pl\/wp-json\/wp\/v2\/users\/1"}],"replies":[{"embeddable":true,"href":"https:\/\/nonresidentcompany.com\/pl\/wp-json\/wp\/v2\/comments?post=1191"}],"version-history":[{"count":0,"href":"https:\/\/nonresidentcompany.com\/pl\/wp-json\/wp\/v2\/pages\/1191\/revisions"}],"wp:attachment":[{"href":"https:\/\/nonresidentcompany.com\/pl\/wp-json\/wp\/v2\/media?parent=1191"}],"curies":[{"name":"wp","href":"https:\/\/api.w.org\/{rel}","templated":true}]}}