{"id":1056,"date":"2024-05-18T12:34:19","date_gmt":"2024-05-18T11:34:19","guid":{"rendered":"https:\/\/nrc2.globalcorporates.com\/requisitos-de-identificacao-para-a-constituicao-de-uma-empresa\/"},"modified":"2024-05-18T12:34:19","modified_gmt":"2024-05-18T11:34:19","slug":"requisitos-de-identificacao-para-a-constituicao-de-uma-empresa","status":"publish","type":"page","link":"https:\/\/nonresidentcompany.com\/pt-pt\/requisitos-de-identificacao-para-a-constituicao-de-uma-empresa\/","title":{"rendered":"Requisitos de identifica\u00e7\u00e3o para a constitui\u00e7\u00e3o de uma empresa"},"content":{"rendered":"","protected":false},"excerpt":{"rendered":"","protected":false},"author":1,"featured_media":0,"parent":0,"menu_order":0,"comment_status":"closed","ping_status":"closed","template":"","meta":{"footnotes":""},"class_list":["post-1056","page","type-page","status-publish","hentry"],"_links":{"self":[{"href":"https:\/\/nonresidentcompany.com\/pt-pt\/wp-json\/wp\/v2\/pages\/1056","targetHints":{"allow":["GET"]}}],"collection":[{"href":"https:\/\/nonresidentcompany.com\/pt-pt\/wp-json\/wp\/v2\/pages"}],"about":[{"href":"https:\/\/nonresidentcompany.com\/pt-pt\/wp-json\/wp\/v2\/types\/page"}],"author":[{"embeddable":true,"href":"https:\/\/nonresidentcompany.com\/pt-pt\/wp-json\/wp\/v2\/users\/1"}],"replies":[{"embeddable":true,"href":"https:\/\/nonresidentcompany.com\/pt-pt\/wp-json\/wp\/v2\/comments?post=1056"}],"version-history":[{"count":0,"href":"https:\/\/nonresidentcompany.com\/pt-pt\/wp-json\/wp\/v2\/pages\/1056\/revisions"}],"wp:attachment":[{"href":"https:\/\/nonresidentcompany.com\/pt-pt\/wp-json\/wp\/v2\/media?parent=1056"}],"curies":[{"name":"wp","href":"https:\/\/api.w.org\/{rel}","templated":true}]}}