{"id":1060,"date":"2024-05-18T12:38:06","date_gmt":"2024-05-18T11:38:06","guid":{"rendered":"https:\/\/nrc2.globalcorporates.com\/formacao-basica-de-empresa-no-reino-unido-para-nao-residentes\/"},"modified":"2024-05-18T12:38:06","modified_gmt":"2024-05-18T11:38:06","slug":"formacao-basica-de-empresa-no-reino-unido-para-nao-residentes","status":"publish","type":"page","link":"https:\/\/nonresidentcompany.com\/pt-pt\/formacao-basica-de-empresa-no-reino-unido-para-nao-residentes\/","title":{"rendered":"Forma\u00e7\u00e3o b\u00e1sica de empresa no Reino Unido para n\u00e3o residentes"},"content":{"rendered":"","protected":false},"excerpt":{"rendered":"","protected":false},"author":1,"featured_media":0,"parent":0,"menu_order":0,"comment_status":"closed","ping_status":"closed","template":"","meta":{"footnotes":""},"class_list":["post-1060","page","type-page","status-publish","hentry"],"_links":{"self":[{"href":"https:\/\/nonresidentcompany.com\/pt-pt\/wp-json\/wp\/v2\/pages\/1060","targetHints":{"allow":["GET"]}}],"collection":[{"href":"https:\/\/nonresidentcompany.com\/pt-pt\/wp-json\/wp\/v2\/pages"}],"about":[{"href":"https:\/\/nonresidentcompany.com\/pt-pt\/wp-json\/wp\/v2\/types\/page"}],"author":[{"embeddable":true,"href":"https:\/\/nonresidentcompany.com\/pt-pt\/wp-json\/wp\/v2\/users\/1"}],"replies":[{"embeddable":true,"href":"https:\/\/nonresidentcompany.com\/pt-pt\/wp-json\/wp\/v2\/comments?post=1060"}],"version-history":[{"count":0,"href":"https:\/\/nonresidentcompany.com\/pt-pt\/wp-json\/wp\/v2\/pages\/1060\/revisions"}],"wp:attachment":[{"href":"https:\/\/nonresidentcompany.com\/pt-pt\/wp-json\/wp\/v2\/media?parent=1060"}],"curies":[{"name":"wp","href":"https:\/\/api.w.org\/{rel}","templated":true}]}}